{"id":18,"date":"2017-09-04T03:10:28","date_gmt":"2017-09-04T03:10:28","guid":{"rendered":"https:\/\/365mal24.de\/?page_id=18"},"modified":"2017-09-04T03:10:28","modified_gmt":"2017-09-04T03:10:28","slug":"ueber-mich","status":"publish","type":"page","link":"https:\/\/365mal24.de\/?page_id=18","title":{"rendered":"\u00dcber mich"},"content":{"rendered":"<p>M\u00f6glicherweise bist du k\u00fcnstlerisch t\u00e4tig und m\u00f6chtest dich und deine Arbeiten hier vorstellen. Oder hast du vielleicht ein Business mit einer Mission, die es zu beschreiben gilt?<\/p>\n","protected":false},"excerpt":{"rendered":"<p>M\u00f6glicherweise bist du k\u00fcnstlerisch t\u00e4tig und m\u00f6chtest dich und deine Arbeiten hier vorstellen. Oder hast du vielleicht ein Business mit einer Mission, die es zu beschreiben gilt?<\/p>\n","protected":false},"author":1,"featured_media":15,"parent":0,"menu_order":0,"comment_status":"closed","ping_status":"closed","template":"","meta":[],"_links":{"self":[{"href":"https:\/\/365mal24.de\/index.php?rest_route=\/wp\/v2\/pages\/18"}],"collection":[{"href":"https:\/\/365mal24.de\/index.php?rest_route=\/wp\/v2\/pages"}],"about":[{"href":"https:\/\/365mal24.de\/index.php?rest_route=\/wp\/v2\/types\/page"}],"author":[{"embeddable":true,"href":"https:\/\/365mal24.de\/index.php?rest_route=\/wp\/v2\/users\/1"}],"replies":[{"embeddable":true,"href":"https:\/\/365mal24.de\/index.php?rest_route=%2Fwp%2Fv2%2Fcomments&post=18"}],"version-history":[{"count":1,"href":"https:\/\/365mal24.de\/index.php?rest_route=\/wp\/v2\/pages\/18\/revisions"}],"predecessor-version":[{"id":24,"href":"https:\/\/365mal24.de\/index.php?rest_route=\/wp\/v2\/pages\/18\/revisions\/24"}],"wp:featuredmedia":[{"embeddable":true,"href":"https:\/\/365mal24.de\/index.php?rest_route=\/wp\/v2\/media\/15"}],"wp:attachment":[{"href":"https:\/\/365mal24.de\/index.php?rest_route=%2Fwp%2Fv2%2Fmedia&parent=18"}],"curies":[{"name":"wp","href":"https:\/\/api.w.org\/{rel}","templated":true}]}}